{"id":2088,"date":"2021-01-07T14:22:10","date_gmt":"2021-01-07T14:22:10","guid":{"rendered":"https:\/\/wd40.lat\/?page_id=2088"},"modified":"2026-02-26T09:54:59","modified_gmt":"2026-02-26T12:54:59","slug":"terms-and-conditions","status":"publish","type":"page","link":"https:\/\/wd40.lat\/en\/terms-and-conditions\/","title":{"rendered":"Terms and Conditions"},"content":{"rendered":"","protected":false},"excerpt":{"rendered":"","protected":false},"author":2,"featured_media":0,"parent":0,"menu_order":0,"comment_status":"closed","ping_status":"closed","template":"page-templates\/multi-column-content.php","meta":{"_acf_changed":false,"inline_featured_image":false,"footnotes":""},"class_list":["post-2088","page","type-page","status-publish","hentry"],"acf":[],"yoast_head":"<!-- This site is optimized with the Yoast SEO Premium plugin v27.6 (Yoast SEO v27.6) - https:\/\/yoast.com\/product\/yoast-seo-premium-wordpress\/ -->\n<title>Terms and Conditions - WD-40 Latin America<\/title>\n<meta name=\"robots\" content=\"index, follow, max-snippet:-1, max-image-preview:large, max-video-preview:-1\" \/>\n<link rel=\"canonical\" href=\"https:\/\/wd40.lat\/en\/terms-and-conditions\/\" \/>\n<meta property=\"og:locale\" content=\"en_US\" \/>\n<meta property=\"og:type\" content=\"article\" \/>\n<meta property=\"og:title\" content=\"Terms and Conditions\" \/>\n<meta property=\"og:url\" content=\"https:\/\/wd40.lat\/en\/terms-and-conditions\/\" \/>\n<meta property=\"og:site_name\" content=\"WD-40 Latin America\" \/>\n<meta property=\"article:modified_time\" content=\"2026-02-26T12:54:59+00:00\" \/>\n<meta property=\"og:image\" content=\"https:\/\/media.wd40.lat\/app\/uploads\/2021\/01\/10112345\/cropped-WD40_social_media_1024x1024-1.png\" \/>\n\t<meta property=\"og:image:width\" content=\"512\" \/>\n\t<meta property=\"og:image:height\" content=\"512\" \/>\n\t<meta property=\"og:image:type\" content=\"image\/png\" \/>\n<meta name=\"twitter:card\" content=\"summary_large_image\" \/>\n<script type=\"application\/ld+json\" class=\"yoast-schema-graph\">{\"@context\":\"https:\\\/\\\/schema.org\",\"@graph\":[{\"@type\":\"WebPage\",\"@id\":\"https:\\\/\\\/wd40.lat\\\/en\\\/terms-and-conditions\\\/\",\"url\":\"https:\\\/\\\/wd40.lat\\\/en\\\/terms-and-conditions\\\/\",\"name\":\"Terms and Conditions - WD-40 Latin America\",\"isPartOf\":{\"@id\":\"https:\\\/\\\/wd40.lat\\\/en\\\/#website\"},\"datePublished\":\"2021-01-07T14:22:10+00:00\",\"dateModified\":\"2026-02-26T12:54:59+00:00\",\"breadcrumb\":{\"@id\":\"https:\\\/\\\/wd40.lat\\\/en\\\/terms-and-conditions\\\/#breadcrumb\"},\"inLanguage\":\"en-US\",\"potentialAction\":[{\"@type\":\"ReadAction\",\"target\":[\"https:\\\/\\\/wd40.lat\\\/en\\\/terms-and-conditions\\\/\"]}],\"mainEntity\":[{\"@type\":\"Question\",\"name\":\"\u00bfQu\u00e9 es WD-40 Specialist?\",\"acceptedAnswer\":{\"@type\":\"Answer\",\"text\":\"WD-40 Specialist es una l\u00ednea de productos especializados dise\u00f1ados para satisfacer las necesidades de los profesionales y los aficionados al trabajo manual.. Estos productos est\u00e1n formulados con tecnolog\u00eda avanzada para proporcionar un mayor rendimiento en diversas aplicaciones. Ya se trate de lubricar herramientas y maquinaria, prevenci\u00f3n contra el \u00f3xido y la corrosi\u00f3n o aflojar piezas atascadas o congeladas, WD-40 Specialist tiene una soluci\u00f3n para cada trabajo. Con una amplia gama de productos que incluye lubricantes, desengrasantes y penetrantes, WD-40 Specialist es la marca a la que acuden quienes s\u00f3lo esperan lo mejor.\"}},{\"@type\":\"Question\",\"name\":\"\u00bfQu\u00e9 es WD-40 Specialist Bike?\",\"acceptedAnswer\":{\"@type\":\"Answer\",\"text\":\"WD-40 Specialist Bike es una l\u00ednea espec\u00edfica de productos de alto rendimiento para el cuidado de la bicicleta desarrollada mediante la colaboraci\u00f3n entre WD-40, mec\u00e1nicos profesionales de bicicletas y minoristas independientes de bicicletas. La l\u00ednea WD-40 Specialist Bike est\u00e1 dirigida a ciclistas que buscan el mejor cuidado y mantenimiento para sus bicicletas\"}},{\"@type\":\"Question\",\"name\":\"\u00bfEs WD-40 Producto Multiusos un desengrasante?\",\"acceptedAnswer\":{\"@type\":\"Answer\",\"text\":\"WD-40 Producto Multi-Uso no es un desengrasante: es un lubricante que elimina y previene el \u00f3xido y la corrosi\u00f3n.\"}},{\"@type\":\"Question\",\"name\":\"\u00bfQu\u00e9 significa \u201cWD-40\u201d?\",\"acceptedAnswer\":{\"@type\":\"Answer\",\"text\":\"WD-40 significa literalmente Desplazador de Agua, f\u00f3rmula 40. Es el nombre sacado directamente del libro de laboratorio que utiliz\u00f3 el qu\u00edmico que desarroll\u00f3 el producto en 1953. El qu\u00edmico, Norm Larsen, intentaba inventar una f\u00f3rmula para evitar la corrosi\u00f3n, tarea que se realiza desplazando el agua. La persistencia de Norm dio sus frutos cuando perfeccion\u00f3 la f\u00f3rmula en su 40\u00ba intento.  \"}},{\"@type\":\"Question\",\"name\":\"\u00bfCu\u00e1l es la vida \u00fatil de WD-40 Producto Multiusos?\",\"acceptedAnswer\":{\"@type\":\"Answer\",\"text\":\"WD-40 Producto Multiusos es un producto de naturaleza duradero dise\u00f1ado y fabricado con un alto grado de especificaciones. El producto deber\u00eda seguir funcionando como se espera de \u00e9l durante un periodo de tiempo casi indefinido. Sin embargo, el rendimiento real se ve afectado por la longevidad de elementos mec\u00e1nicos como el conjunto de v\u00e1lvulas de los botes de aerosol. Como tal, se considera que la vida \u00fatil es de 5 a\u00f1os a partir de la fecha de producci\u00f3n; sin embargo, el producto suele dispensarse y funcionar como se espera durante bastante m\u00e1s tiempo. WD-40 Producto Multiusos debe almacenarse a la temperatura recomendada en la FDS.\"}},{\"@type\":\"Question\",\"name\":\"\u00bfEn qu\u00e9 se diferencia la l\u00ednea de productos WD-40 Specialist\u00ae de WD-40 Producto Multiusos?\",\"acceptedAnswer\":{\"@type\":\"Answer\",\"text\":\"La l\u00ednea de productos WD-40 Specialist es una extensi\u00f3n de la marca WD-40. WD-40 Company es consciente de que a veces los trabajos duros requieren productos dise\u00f1ados para aplicaciones espec\u00edficas (es decir, lubricantes especiales de alto rendimiento, penetrantes, eliminadores de \u00f3xido, etc.) y WD-40 Specialist est\u00e1 formulado para obtener el m\u00e1ximo rendimiento y ayudar a los trabajadores a realizar tareas espec\u00edficas con facilidad.\"}},{\"@type\":\"Question\",\"name\":\"\u00bfEs WD-40\u00ae Producto Multiusos un lubricante?\",\"acceptedAnswer\":{\"@type\":\"Answer\",\"text\":\"S\u00ed. Mientras que la \\\"W-D\\\" de WD-40 significa Desplazador de Agua, WD-40 Producto Multiusos es una mezcla \u00fanica y especial de lubricantes. La formulaci\u00f3n del producto tambi\u00e9n contiene agentes anticorrosi\u00f3n e ingredientes para la penetraci\u00f3n y el desplazamiento del agua.\"}},{\"@type\":\"Question\",\"name\":\"\u00bfPara qu\u00e9 se fabric\u00f3 originalmente WD-40?\",\"acceptedAnswer\":{\"@type\":\"Answer\",\"text\":\"WD-40 Producto Multiusos se utiliz\u00f3 por primera vez para proteger la piel exterior del misil Atlas de la oxidaci\u00f3n y la corrosi\u00f3n.\"}},{\"@type\":\"Question\",\"name\":\"\u00bfCu\u00e1ndo se fabric\u00f3 por primera vez WD-40?\",\"acceptedAnswer\":{\"@type\":\"Answer\",\"text\":\"WD-40 se fabric\u00f3 por primera vez en 1953.\"}},{\"@type\":\"Question\",\"name\":\"\u00bfPara qu\u00e9 sirve WD-40\u00ae Producto Multiusos?\",\"acceptedAnswer\":{\"@type\":\"Answer\",\"text\":\"WD-40 Producto Multiusos tiene m\u00e1s de 2000 usos que abarcan una gran variedad de temas e industrias, como el hogar, el jard\u00edn y la automoci\u00f3n.\"}},{\"@type\":\"Question\",\"name\":\"\u00bfCu\u00e1les son sus funciones principales y usos comunes?\",\"acceptedAnswer\":{\"@type\":\"Answer\",\"text\":\"WD-40 FLEXITAPA con v\u00e1lvula de doble acci\u00f3n previene la oxidaci\u00f3n del metal y la corrosi\u00f3n, libera piezas atascadas, desplaza la humedad y lubrica. La v\u00e1lvula de doble acci\u00f3n permite una aplicaci\u00f3n precisa o \u00e1reas m\u00e1s grandes sin mancharte.\\r\\nDesplaza la humedad\\r\\nLubrica para que el equipo funcione bien\\r\\nPenetra para aflojar piezas atascadas\\r\\nRecupera y Previene el \u00f3xido\"}},{\"@type\":\"Question\",\"name\":\"\u00bfCu\u00e1nto dura WD-40 despu\u00e9s de su aplicaci\u00f3n?\",\"acceptedAnswer\":{\"@type\":\"Answer\",\"text\":\"Aunque esto puede variar dependiendo de la aplicaci\u00f3n, WD-40 Producto Multiusos sigue siendo eficaz incluso despu\u00e9s de que parezca secarse. Los compuestos anticorrosivos y antioxidantes permanecen adheridos a la superficie. Las condiciones externas pueden requerir aplicaciones adicionales del producto para una prevenci\u00f3n m\u00e1xima.\"}}]},{\"@type\":\"BreadcrumbList\",\"@id\":\"https:\\\/\\\/wd40.lat\\\/en\\\/terms-and-conditions\\\/#breadcrumb\",\"itemListElement\":[{\"@type\":\"ListItem\",\"position\":1,\"name\":\"Home\",\"item\":\"https:\\\/\\\/wd40.lat\\\/en\\\/\"},{\"@type\":\"ListItem\",\"position\":2,\"name\":\"Terms and Conditions\"}]},{\"@type\":\"WebSite\",\"@id\":\"https:\\\/\\\/wd40.lat\\\/en\\\/#website\",\"url\":\"https:\\\/\\\/wd40.lat\\\/en\\\/\",\"name\":\"WD-40 Latin America\",\"description\":\"WD-40 Latin America\",\"publisher\":{\"@id\":\"https:\\\/\\\/wd40.lat\\\/en\\\/#organization\"},\"alternateName\":\"WD-40 Producto Multiusos - Lubrica, Aflojatodo, Limpia y Protege\",\"potentialAction\":[{\"@type\":\"SearchAction\",\"target\":{\"@type\":\"EntryPoint\",\"urlTemplate\":\"https:\\\/\\\/wd40.lat\\\/en\\\/?s={search_term_string}\"},\"query-input\":{\"@type\":\"PropertyValueSpecification\",\"valueRequired\":true,\"valueName\":\"search_term_string\"}}],\"inLanguage\":\"en-US\"},{\"@type\":\"Organization\",\"@id\":\"https:\\\/\\\/wd40.lat\\\/en\\\/#organization\",\"name\":\"WD-40 Company\",\"url\":\"https:\\\/\\\/wd40.lat\\\/en\\\/\",\"logo\":{\"@type\":\"ImageObject\",\"inLanguage\":\"en-US\",\"@id\":\"https:\\\/\\\/wd40.lat\\\/en\\\/#\\\/schema\\\/logo\\\/image\\\/\",\"url\":\"https:\\\/\\\/media.wd40.lat\\\/app\\\/uploads\\\/2021\\\/01\\\/10112350\\\/WD40_social_media_1024x1024-1.png\",\"contentUrl\":\"https:\\\/\\\/media.wd40.lat\\\/app\\\/uploads\\\/2021\\\/01\\\/10112350\\\/WD40_social_media_1024x1024-1.png\",\"width\":1024,\"height\":1024,\"caption\":\"WD-40 Company\"},\"image\":{\"@id\":\"https:\\\/\\\/wd40.lat\\\/en\\\/#\\\/schema\\\/logo\\\/image\\\/\"}}]}<\/script>\n<!-- \/ Yoast SEO Premium plugin. -->","yoast_head_json":{"title":"Terms and Conditions - WD-40 Latin America","robots":{"index":"index","follow":"follow","max-snippet":"max-snippet:-1","max-image-preview":"max-image-preview:large","max-video-preview":"max-video-preview:-1"},"canonical":"https:\/\/wd40.lat\/en\/terms-and-conditions\/","og_locale":"en_US","og_type":"article","og_title":"Terms and Conditions","og_url":"https:\/\/wd40.lat\/en\/terms-and-conditions\/","og_site_name":"WD-40 Latin America","article_modified_time":"2026-02-26T12:54:59+00:00","og_image":[{"width":512,"height":512,"url":"https:\/\/media.wd40.lat\/app\/uploads\/2021\/01\/10112345\/cropped-WD40_social_media_1024x1024-1.png","type":"image\/png"}],"twitter_card":"summary_large_image","schema":{"@context":"https:\/\/schema.org","@graph":[{"@type":"WebPage","@id":"https:\/\/wd40.lat\/en\/terms-and-conditions\/","url":"https:\/\/wd40.lat\/en\/terms-and-conditions\/","name":"Terms and Conditions - WD-40 Latin America","isPartOf":{"@id":"https:\/\/wd40.lat\/en\/#website"},"datePublished":"2021-01-07T14:22:10+00:00","dateModified":"2026-02-26T12:54:59+00:00","breadcrumb":{"@id":"https:\/\/wd40.lat\/en\/terms-and-conditions\/#breadcrumb"},"inLanguage":"en-US","potentialAction":[{"@type":"ReadAction","target":["https:\/\/wd40.lat\/en\/terms-and-conditions\/"]}],"mainEntity":[{"@type":"Question","name":"\u00bfQu\u00e9 es WD-40 Specialist?","acceptedAnswer":{"@type":"Answer","text":"WD-40 Specialist es una l\u00ednea de productos especializados dise\u00f1ados para satisfacer las necesidades de los profesionales y los aficionados al trabajo manual.. Estos productos est\u00e1n formulados con tecnolog\u00eda avanzada para proporcionar un mayor rendimiento en diversas aplicaciones. Ya se trate de lubricar herramientas y maquinaria, prevenci\u00f3n contra el \u00f3xido y la corrosi\u00f3n o aflojar piezas atascadas o congeladas, WD-40 Specialist tiene una soluci\u00f3n para cada trabajo. Con una amplia gama de productos que incluye lubricantes, desengrasantes y penetrantes, WD-40 Specialist es la marca a la que acuden quienes s\u00f3lo esperan lo mejor."}},{"@type":"Question","name":"\u00bfQu\u00e9 es WD-40 Specialist Bike?","acceptedAnswer":{"@type":"Answer","text":"WD-40 Specialist Bike es una l\u00ednea espec\u00edfica de productos de alto rendimiento para el cuidado de la bicicleta desarrollada mediante la colaboraci\u00f3n entre WD-40, mec\u00e1nicos profesionales de bicicletas y minoristas independientes de bicicletas. La l\u00ednea WD-40 Specialist Bike est\u00e1 dirigida a ciclistas que buscan el mejor cuidado y mantenimiento para sus bicicletas"}},{"@type":"Question","name":"\u00bfEs WD-40 Producto Multiusos un desengrasante?","acceptedAnswer":{"@type":"Answer","text":"WD-40 Producto Multi-Uso no es un desengrasante: es un lubricante que elimina y previene el \u00f3xido y la corrosi\u00f3n."}},{"@type":"Question","name":"\u00bfQu\u00e9 significa \u201cWD-40\u201d?","acceptedAnswer":{"@type":"Answer","text":"WD-40 significa literalmente Desplazador de Agua, f\u00f3rmula 40. Es el nombre sacado directamente del libro de laboratorio que utiliz\u00f3 el qu\u00edmico que desarroll\u00f3 el producto en 1953. El qu\u00edmico, Norm Larsen, intentaba inventar una f\u00f3rmula para evitar la corrosi\u00f3n, tarea que se realiza desplazando el agua. La persistencia de Norm dio sus frutos cuando perfeccion\u00f3 la f\u00f3rmula en su 40\u00ba intento.  "}},{"@type":"Question","name":"\u00bfCu\u00e1l es la vida \u00fatil de WD-40 Producto Multiusos?","acceptedAnswer":{"@type":"Answer","text":"WD-40 Producto Multiusos es un producto de naturaleza duradero dise\u00f1ado y fabricado con un alto grado de especificaciones. El producto deber\u00eda seguir funcionando como se espera de \u00e9l durante un periodo de tiempo casi indefinido. Sin embargo, el rendimiento real se ve afectado por la longevidad de elementos mec\u00e1nicos como el conjunto de v\u00e1lvulas de los botes de aerosol. Como tal, se considera que la vida \u00fatil es de 5 a\u00f1os a partir de la fecha de producci\u00f3n; sin embargo, el producto suele dispensarse y funcionar como se espera durante bastante m\u00e1s tiempo. WD-40 Producto Multiusos debe almacenarse a la temperatura recomendada en la FDS."}},{"@type":"Question","name":"\u00bfEn qu\u00e9 se diferencia la l\u00ednea de productos WD-40 Specialist\u00ae de WD-40 Producto Multiusos?","acceptedAnswer":{"@type":"Answer","text":"La l\u00ednea de productos WD-40 Specialist es una extensi\u00f3n de la marca WD-40. WD-40 Company es consciente de que a veces los trabajos duros requieren productos dise\u00f1ados para aplicaciones espec\u00edficas (es decir, lubricantes especiales de alto rendimiento, penetrantes, eliminadores de \u00f3xido, etc.) y WD-40 Specialist est\u00e1 formulado para obtener el m\u00e1ximo rendimiento y ayudar a los trabajadores a realizar tareas espec\u00edficas con facilidad."}},{"@type":"Question","name":"\u00bfEs WD-40\u00ae Producto Multiusos un lubricante?","acceptedAnswer":{"@type":"Answer","text":"S\u00ed. Mientras que la \"W-D\" de WD-40 significa Desplazador de Agua, WD-40 Producto Multiusos es una mezcla \u00fanica y especial de lubricantes. La formulaci\u00f3n del producto tambi\u00e9n contiene agentes anticorrosi\u00f3n e ingredientes para la penetraci\u00f3n y el desplazamiento del agua."}},{"@type":"Question","name":"\u00bfPara qu\u00e9 se fabric\u00f3 originalmente WD-40?","acceptedAnswer":{"@type":"Answer","text":"WD-40 Producto Multiusos se utiliz\u00f3 por primera vez para proteger la piel exterior del misil Atlas de la oxidaci\u00f3n y la corrosi\u00f3n."}},{"@type":"Question","name":"\u00bfCu\u00e1ndo se fabric\u00f3 por primera vez WD-40?","acceptedAnswer":{"@type":"Answer","text":"WD-40 se fabric\u00f3 por primera vez en 1953."}},{"@type":"Question","name":"\u00bfPara qu\u00e9 sirve WD-40\u00ae Producto Multiusos?","acceptedAnswer":{"@type":"Answer","text":"WD-40 Producto Multiusos tiene m\u00e1s de 2000 usos que abarcan una gran variedad de temas e industrias, como el hogar, el jard\u00edn y la automoci\u00f3n."}},{"@type":"Question","name":"\u00bfCu\u00e1les son sus funciones principales y usos comunes?","acceptedAnswer":{"@type":"Answer","text":"WD-40 FLEXITAPA con v\u00e1lvula de doble acci\u00f3n previene la oxidaci\u00f3n del metal y la corrosi\u00f3n, libera piezas atascadas, desplaza la humedad y lubrica. La v\u00e1lvula de doble acci\u00f3n permite una aplicaci\u00f3n precisa o \u00e1reas m\u00e1s grandes sin mancharte.\r\nDesplaza la humedad\r\nLubrica para que el equipo funcione bien\r\nPenetra para aflojar piezas atascadas\r\nRecupera y Previene el \u00f3xido"}},{"@type":"Question","name":"\u00bfCu\u00e1nto dura WD-40 despu\u00e9s de su aplicaci\u00f3n?","acceptedAnswer":{"@type":"Answer","text":"Aunque esto puede variar dependiendo de la aplicaci\u00f3n, WD-40 Producto Multiusos sigue siendo eficaz incluso despu\u00e9s de que parezca secarse. Los compuestos anticorrosivos y antioxidantes permanecen adheridos a la superficie. Las condiciones externas pueden requerir aplicaciones adicionales del producto para una prevenci\u00f3n m\u00e1xima."}}]},{"@type":"BreadcrumbList","@id":"https:\/\/wd40.lat\/en\/terms-and-conditions\/#breadcrumb","itemListElement":[{"@type":"ListItem","position":1,"name":"Home","item":"https:\/\/wd40.lat\/en\/"},{"@type":"ListItem","position":2,"name":"Terms and Conditions"}]},{"@type":"WebSite","@id":"https:\/\/wd40.lat\/en\/#website","url":"https:\/\/wd40.lat\/en\/","name":"WD-40 Latin America","description":"WD-40 Latin America","publisher":{"@id":"https:\/\/wd40.lat\/en\/#organization"},"alternateName":"WD-40 Producto Multiusos - Lubrica, Aflojatodo, Limpia y Protege","potentialAction":[{"@type":"SearchAction","target":{"@type":"EntryPoint","urlTemplate":"https:\/\/wd40.lat\/en\/?s={search_term_string}"},"query-input":{"@type":"PropertyValueSpecification","valueRequired":true,"valueName":"search_term_string"}}],"inLanguage":"en-US"},{"@type":"Organization","@id":"https:\/\/wd40.lat\/en\/#organization","name":"WD-40 Company","url":"https:\/\/wd40.lat\/en\/","logo":{"@type":"ImageObject","inLanguage":"en-US","@id":"https:\/\/wd40.lat\/en\/#\/schema\/logo\/image\/","url":"https:\/\/media.wd40.lat\/app\/uploads\/2021\/01\/10112350\/WD40_social_media_1024x1024-1.png","contentUrl":"https:\/\/media.wd40.lat\/app\/uploads\/2021\/01\/10112350\/WD40_social_media_1024x1024-1.png","width":1024,"height":1024,"caption":"WD-40 Company"},"image":{"@id":"https:\/\/wd40.lat\/en\/#\/schema\/logo\/image\/"}}]}},"yoast-key-phrase":"","yoast-key-phrase-score":"","yoast-readability":"30","_links":{"self":[{"href":"https:\/\/wd40.lat\/en\/wp-json\/wp\/v2\/pages\/2088","targetHints":{"allow":["GET"]}}],"collection":[{"href":"https:\/\/wd40.lat\/en\/wp-json\/wp\/v2\/pages"}],"about":[{"href":"https:\/\/wd40.lat\/en\/wp-json\/wp\/v2\/types\/page"}],"author":[{"embeddable":true,"href":"https:\/\/wd40.lat\/en\/wp-json\/wp\/v2\/users\/2"}],"replies":[{"embeddable":true,"href":"https:\/\/wd40.lat\/en\/wp-json\/wp\/v2\/comments?post=2088"}],"version-history":[{"count":3,"href":"https:\/\/wd40.lat\/en\/wp-json\/wp\/v2\/pages\/2088\/revisions"}],"predecessor-version":[{"id":7932,"href":"https:\/\/wd40.lat\/en\/wp-json\/wp\/v2\/pages\/2088\/revisions\/7932"}],"wp:attachment":[{"href":"https:\/\/wd40.lat\/en\/wp-json\/wp\/v2\/media?parent=2088"}],"curies":[{"name":"wp","href":"https:\/\/api.w.org\/{rel}","templated":true}]}}